{"id":307,"date":"2022-06-21T11:58:10","date_gmt":"2022-06-21T11:58:10","guid":{"rendered":"https:\/\/jara-lektorat.de\/?page_id=307"},"modified":"2025-01-09T19:28:07","modified_gmt":"2025-01-09T19:28:07","slug":"agb","status":"publish","type":"page","link":"https:\/\/jara-lektorat.de\/index.php\/agb\/","title":{"rendered":"Allgemeine Gesch\u00e4ftsbedingungen (AGB)"},"content":{"rendered":"<p><a href=\"https:\/\/jara-lektorat.de\/\">Startseite<\/a><\/p>\n<h4>1. Allgemeiner Geltungsbereich<\/h4>\n<p>Diese allgemeinen Gesch\u00e4ftsbedingungen (AGB) gelten f\u00fcr alle Leistungen und den gesamten Gesch\u00e4ftsverkehr zwischen der auftraggebenden Person (im Folgenden Kunde\/Kundin) und der Auftragnehmerin (im Folgenden Lektorin). Die AGB gelten f\u00fcr die gesamte Dauer der Gesch\u00e4ftsverbindung. Abweichungen von diesen AGB, Nebenreden und Vereinbarungen bed\u00fcrfen der Schriftform. Mit der Auftragserteilung best\u00e4tigt der Kunde oder die Kundin, dass er oder sie die AGB zur Kenntnis genommen und akzeptiert hat.<\/p>\n<p>Kontaktinformationen:<\/p>\n<p>Jara Fischer<br \/>\nAlbert-Einstein-Str. 6<br \/>\n14473 Potsdam<\/p>\n<p>Telefon: +49 157 3097 1046<br \/>\nE-Mail: info@jara-lektorat.de<\/p>\n<p>&nbsp;<\/p>\n<h4>2. Leistungsumfang<\/h4>\n<p>Bei dem Auftrag f\u00fcr ein Korrektorat, Lektorat oder \u00dcbersetzungslektorat handelt es sich um einen Dienstvertrag mit klar definierten Leistungen. Leistungen, die nicht aufgef\u00fchrt sind, geh\u00f6ren nicht zu den zu erbringenden Leistungen.<\/p>\n<p>Texte werden wie unten erl\u00e4utert gepr\u00fcft (siehe 2.1, 2.2, 2.3). Wenn nicht anders vereinbart, werden Korrekturen direkt im Dokument im Modus \u201e\u00c4nderungen nachverfolgen\u201c durchgef\u00fchrt. \u00c4nderungsvorschl\u00e4ge werden mittels der Kommentarfunktion angemerkt. Die Lektorin arbeitet mit folgenden PC-Anwendungen: Microsoft Office 365, Open Office, Adobe Acrobat Standard DC.<\/p>\n<p>Die Korrekturen werden direkt in einem vom Kunden oder der Kundin zugesandten Dokument vorgenommen. Der Kunde oder die Kundin erh\u00e4lt die korrigierte Version des Textes mit allen \u00c4nderungen zum Nachverfolgen und auf Wunsch eine Version des Textes, der bereits alle \u00c4nderungen enth\u00e4lt. Dieser Wunsch muss bei der Angebotsannahme kommuniziert werden.<\/p>\n<p>Recherchearbeiten und Formatierungen in den Textdokumenten sind keine Standardleistungen und bed\u00fcrfen gesonderter Absprache und Vereinbarung.<\/p>\n<h5>2.1 Lektorat<\/h5>\n<p>Ziel des Lektorats ist die Verbesserung des Textes auf vier Ebenen: Pr\u00fcfung von Ausdruck und Stil, Inhalt, Sprache sowie der Form. Bei der inhaltlichen Pr\u00fcfung stehen vor allem die Koh\u00e4renz, Logik, Verst\u00e4ndlichkeit und die Zielgruppe im Fokus. Stilistische und inhaltliche \u00dcberarbeitungen h\u00e4ngen stark vom Sprachgef\u00fchl und Fachwissen der Lektorin ab, sind daher lediglich als Vorschl\u00e4ge zu werten und bed\u00fcrfen immer einer abschlie\u00dfenden Pr\u00fcfung durch den Kunden oder die Kundin. Lektorate beinhalten immer auch ein grundlegendes Korrektorat, jedoch r\u00e4t die Lektorin ausdr\u00fccklich dazu, im Anschluss an das Lektorat noch ein Korrektorat durch eine unabh\u00e4ngige Person durchf\u00fchren zu lassen.<\/p>\n<h5>2.2 Korrektorat<\/h5>\n<p>Ziel des Korrektorats ist die h\u00f6chstm\u00f6gliche Reduzierung aller bestehenden Fehler im Ausgangstext. Das bedeutet, dass der Auftragstext auf korrekte Rechtschreibung, Grammatik, Zeichensetzung und einheitliche Schreibweisen \u00fcberpr\u00fcft wird und diese Korrekturen so gekennzeichnet werden, dass sie f\u00fcr den Kunden oder die Kundin nachvollziehbar sind. Grundlage der Korrekturen ist die aktuelle Fassung des \u201eDuden \u2013 Die deutsche Rechtschreibung\u201c. Eine Garantie f\u00fcr absolute Fehlerfreiheit ist ausgeschlossen. Ein Text gilt als bearbeitet, wenn 95 % der vorhandenen Fehler korrigiert sind.<\/p>\n<h5>2.3 Post Editing<\/h5>\n<p>Ziel des \u00dcbersetzungslektorats ist die Qualit\u00e4tssicherung eines Textes, der aus einer anderen Sprache ins Deutsche \u00fcbersetzt wurde. Dabei greifen dieselben Pr\u00fcfkriterien wie die eines einfachen Lektorats (siehe 2.1). Voraussetzung f\u00fcr die zufriedenstellende Erbringung dieser Dienstleistung ist, dass die Lektorin neben ihrer Muttersprache (Deutsch) auch die Ausgangssprache des Originaltextes beherrscht, da sie Ausgangs- und Zieltext vergleicht.<\/p>\n<p>&nbsp;<\/p>\n<h4>3. Vertragsabschluss<\/h4>\n<p>Nach dem ersten Kontakt mit dem Kunden oder der Kundin erstellt die Lektorin auf Grundlage eines Erstgespr\u00e4chs und\/oder eines Textausschnittes ein unverbindliches Angebot. W\u00e4hrend des Erstgespr\u00e4ches werden die Erwartungen an die Dienstleistung formuliert und anhand des Textausschnittes der Arbeitsaufwand abgesch\u00e4tzt.<\/p>\n<p>Das Angebot enth\u00e4lt folgende Angaben: Art der Leistung (Korrektorat, Lektorat, \u00dcbersetzungslektorat), Umfang, Kalkulation und Gesamtpreis. Alle Angebote sind grunds\u00e4tzlich 14 Tage g\u00fcltig und bed\u00fcrfen der (formlosen) schriftlichen Best\u00e4tigung durch den Kunden oder die Kundin. Durch die Annahme des Angebots kommt ein Vertrag zustande.<\/p>\n<p>Alle \u00c4nderungen des Vertrags sind gesondert zu vereinbaren. Urspr\u00fcnglich getroffene Vereinbarungen (Kostenvoranschlag, Lieferfrist) unterliegen der M\u00f6glichkeit von entsprechenden Anpassungen.<\/p>\n<p>Der Kunde oder die Kundin kann vor Fertigstellung der Bearbeitung des Auftrages durch die Lektorin vom Vertrag zur\u00fccktreten. In diesem Fall ist die Lektorin berechtigt, dem Kunden oder der Kundin die bis zum K\u00fcndigungszeitpunkt erbrachten Teilleistungen in Rechnung zu stellen. Das Widerrufsrecht erlischt, wenn mit der Bearbeitung des Auftrags vor Ablauf der 14 Tage begonnen wird.<\/p>\n<p>Die Lektorin beh\u00e4lt es sich vor, die Bearbeitung von Auftr\u00e4gen mit bestimmten Inhalten (u.\u00a0a. Gewaltverherrlichung, politischer Extremismus, Sexismus) abzulehnen.<\/p>\n<p>&nbsp;<\/p>\n<h4>4. Zusammenarbeit<\/h4>\n<p>Der Kunde oder die Kundin verpflichtet sich, w\u00e4hrend der gesamten Dauer der Gesch\u00e4ftsverbindung mit der Lektorin in Kontakt zu stehen und auf R\u00fcckfragen zeitnah zu reagieren, um bei Klarstellung und Beseitigung von missverst\u00e4ndlichen Formulierungen im Ausgangstext f\u00fcr die Texterstellung behilflich zu sein. Sollte der Kunde oder die Kundin Software aus dem Bereich K\u00fcnstliche Intelligenz (KI) genutzt haben, um den Ausgangstext zu erstellen, ist er oder sie verpflichtet, dies mitzuteilen. Sofern der Kunde oder die Kundin diesen Informations- und Mitwirkungspflichten nicht nachkommt, kann er oder sie nach Ausf\u00fchrung des Auftrages nicht mehr geltend machen, die Lektorin habe den Auftrag nicht entsprechend den W\u00fcnschen ausgef\u00fchrt. Im Falle einer unbegr\u00fcndeten Verz\u00f6gerung des Auftrags durch den Kunden oder die Kundin ist die Lektorin berechtigt, die Bearbeitung zu pausieren und weitere Ma\u00dfnahmen zu ergreifen (siehe 8).<\/p>\n<p>Sofern der Kunde oder die Kundin die Verwendung einer bestimmten Terminologie \u2013 auch einer eigenen \u2013 w\u00fcnscht, muss er oder sie dies der Lektorin, bei gleichzeitiger \u00dcbermittlung der erforderlichen Unterlagen, schriftlich bekannt geben. Besondere Schreibweisen, fremdsprachige Begriffe oder Fachw\u00f6rter, die vom jeweils aktuellen Duden abweichen und nicht korrigiert werden sollen, bed\u00fcrfen ebenfalls einer gesonderten schriftlichen Vereinbarung seitens des Kunden oder der Kundin.<\/p>\n<p>Die zur Verf\u00fcgung gestellten Ausgangstexte und erg\u00e4nzende Unterlagen m\u00fcssen vollst\u00e4ndig, leserlich und in einer verst\u00e4ndlichen Form vorgelegt werden.<\/p>\n<p>&nbsp;<\/p>\n<h4>5. Lieferung<\/h4>\n<p>F\u00fcr die Lieferfrist sind ausschlie\u00dflich die beidseitigen schriftlichen Erkl\u00e4rungen ma\u00dfgebend. Ist das Lieferdatum ein wesentlicher Bestandteil des Auftrages, so hat der Kunde oder die Kundin dies im Vorhinein ausdr\u00fccklich schriftlich bekannt zu geben.<\/p>\n<p>Die Lektorin ist um die Einhaltung der avisierten Liefertermine bem\u00fcht, Liefertermine sind zu keinem Zeitpunkt zugesichert. Sollte ein Liefertermin absehbar nicht einzuhalten sein, verpflichtet sich die Lektorin, den Kunden oder die Kundin unverz\u00fcglich zu informieren und einen neuen Termin vorzuschlagen. F\u00fcr Verz\u00f6gerungen durch h\u00f6here Gewalt \u00fcbernimmt die Lektorin keine Haftung. H\u00f6here Gewalt berechtigt sowohl die Lektorin als auch den Kunden oder die Kundin, vom Vertrag zur\u00fcckzutreten.<\/p>\n<p>Der R\u00fcckversand der bearbeiteten Texte erfolgt per E-Mail. Die Lektorin \u00fcbernimmt keine Haftung f\u00fcr eine erfolgreiche \u00dcbersendung der versandten korrigierten Texte. Alle Verpflichtungen sind nach Versand der bearbeiteten Texte erf\u00fcllt. Der Versand auf elektronischem Weg (z. B. per E-Mail) oder auf eine andere Art der Fern\u00fcbermittlung erfolgt auf alleinige Gefahr des Kunden oder der Kundin.<\/p>\n<p>&nbsp;<\/p>\n<h4>6. Preise und Zahlungsbedingungen<\/h4>\n<p>F\u00fcr Leistungen k\u00f6nnen je nach Arbeitsaufwand und -umfang Stundens\u00e4tze oder Preise pro <a href=\"https:\/\/www.vgwort.de\/auszahlungen\/wissenschaftliche-publikationen\/fach-und-sachbuecher.html\">Normseite nach VG Wort<\/a> (\u00e0 1500 Zeichen inkl. Leerzeichen) angesetzt werden. Bei kleineren Auftr\u00e4gen, die weniger als eine Stunde Arbeitszeit in Anspruch nehmen, greift der jeweilige Stundensatz der Dienstleistung. Die Lektorin beh\u00e4lt sich das Recht vor, in ihrer Preispolitik zwischen Privatpersonen einerseits und Unternehmen, Agenturen oder Institutionen andererseits zu unterscheiden.<\/p>\n<p>Es gelten die zum Zeitpunkt der Auftragserteilung vereinbarten Preise. Die von der Lektorin zugesagten Preise sind, sofern nicht anders benannt, Nettopreise. Auf Angeboten und Rechnungen wird die Umsatzsteuer ausgewiesen.<\/p>\n<p>Die Leistung wird unverz\u00fcglich nach Fertigstellung der Bearbeitung durch die Lektorin in Rechnung gestellt. Sofern nicht anders angegeben, sind Rechnungen grunds\u00e4tzlich zum angegebenen F\u00e4lligkeitsdatum (i.\u00a0d.\u00a0R. innerhalb von 14 Tagen) ohne Abzug zu begleichen. Bankgeb\u00fchren, die ggf. anfallen, sind vollst\u00e4ndig vom Kunden oder von der Kundin zu tragen.<\/p>\n<p>Ab einem Auftragswert \u00fcber 500 \u20ac beh\u00e4lt sich die Lektorin vor, 30 % des f\u00e4lligen Gesamtbetrages mit dem Zeitpunkt des Vertragsschlusses in Rechnung zu stellen. Mit Abschluss des Auftrages wird der Restbetrag f\u00e4llig.<\/p>\n<p>Die Lektorin beh\u00e4lt sich Zuschl\u00e4ge f\u00fcr 24-Stunden-Service, Sonn- und Feiertagseinsatz \u00f6.\u00a0\u00c4. vor.<\/p>\n<p>Der Kunde oder die Kundin kommt sp\u00e4testens vier Wochen nach Erhalt der Rechnung mit den entsprechenden gesetzlichen Folgen in Verzug, ohne dass es einer Mahnung bedarf. F\u00fcr diesen Fall beh\u00e4lt sich die Lektorin rechtliche Schritte vor.<\/p>\n<p>&nbsp;<\/p>\n<h4>7. Vertraulichkeit<\/h4>\n<p>Die Lektorin verpflichtet sich, alle Daten und Inhalte streng vertraulich zu behandeln, sie nur zum Zweck der vereinbarten Dienstleistung zu verwenden und unter keinen Umst\u00e4nden an Dritte weiterzugeben. Sie bewahrt Stillschweigen \u00fcber alle Tatsachen, die ihr im Zusammenhang mit ihrer T\u00e4tigkeit f\u00fcr den Kunden oder die Kundin bekannt werden. Dies gilt \u00fcber unbestimmte Zeit, auch \u00fcber den Zeitraum der Bearbeitung hinaus.<\/p>\n<p>Die Lektorin ist berechtigt, zu Dokumentationszwecken eine Sicherungskopie der erbrachten Leistung auch nach Fertigstellung des Auftrags aufzubewahren. Eine Verpflichtung besteht jedoch nicht.<\/p>\n<p>Bei der elektronischen \u00dcbermittlung von Daten kann nicht sichergestellt werden, dass diese Daten w\u00e4hrend der \u00dcbermittlung nicht von Dritten eingesehen werden k\u00f6nnen. Die Lektorin haftet nicht in F\u00e4llen von unautorisiertem Zugriff auf die elektronische Kommunikation und dessen Folgen.<\/p>\n<p>&nbsp;<\/p>\n<h4>8. Gew\u00e4hrleistung und Haftungsausschluss<\/h4>\n<p>Die Lektorin verpflichtet sich, die Bearbeitung mit gr\u00f6\u00dfter Sorgfalt durchzuf\u00fchren. F\u00fcr sachliche, fachliche oder inhaltliche M\u00e4ngel, die die Lektorin nicht zu vertreten hat, wird keinerlei Haftung \u00fcbernommen.<\/p>\n<p>F\u00fcr Fehler haftet die Lektorin bei nachweislichem Vorsatz oder grober Fahrl\u00e4ssigkeit, maximal jedoch in H\u00f6he des jeweiligen Auftragswertes. F\u00fcr Folgen, die sich aus der Weiterverwendung der bearbeiteten Texte ergeben oder ausbleiben (z. B. das Zustandekommen von Arbeits- oder Verlagsvertr\u00e4gen, das Nichtbestehen einer Pr\u00fcfungsleistung etc.), ist die Haftung grunds\u00e4tzlich ausgeschlossen.<\/p>\n<p>Beanstandungen sind vom Kunden oder von der Kundin innerhalb einer Frist von sieben Kalendertagen nach Lieferung schriftlich zu reklamieren und zu spezifizieren. Lehnt der Kunde oder die Kundin Vorschl\u00e4ge zur sprachlichen Verbesserung seitens der Lektorin ab, k\u00f6nnen diese nicht zum Gegenstand der Reklamation gemacht werden. Erfolgt die Geltendmachung der Reklamation nicht oder zu sp\u00e4t, gilt die Leistung als akzeptiert. Bei berechtigter Reklamation ist der Lektorin eine angemessene Frist zur Nachbesserung einzur\u00e4umen. Nur wenn diese Nachbesserung nicht erbracht werden kann, besteht Anspruch auf angemessene Minderung des vereinbarten Honorars. Weitergehende Anspr\u00fcche einschlie\u00dflich Schadensersatzanspr\u00fcchen wegen Nichterf\u00fcllung sind ausgeschlossen.<\/p>\n<p>Die M\u00e4ngelhaftung ist ausgeschlossen, wenn der Kunde oder die Kundin seinen Mitwirkungspflichten nicht nachkommt und der Mangel zus\u00e4tzlich darauf beruht.<\/p>\n<p>Die Lektorin haftet nicht f\u00fcr Sch\u00e4den am Text oder dessen Verlust, egal welcher Ursache (etwa durch elektronische Daten\u00fcbertragung, Viren- oder andere Malwareprogramme, Sch\u00e4den oder Inkompatibilit\u00e4ten in Hardware oder Software, h\u00f6here Gewalt, den Postweg, Dritte). In solchen Ausnahmef\u00e4llen ist die Lektorin berechtigt, ganz oder teilweise vom Vertrag zur\u00fcckzutreten.<\/p>\n<p>F\u00fcr die rechtliche Zul\u00e4ssigkeit der Inhalte der von der Lektorin bearbeiteten Texte ist ausschlie\u00dflich der Kunde oder die Kundin verantwortlich. Werden der Lektorin erst nach Abschluss des Vertrages rechtswidrige Inhalte bekannt oder kommt der begr\u00fcndete Verdacht auf, dass der Ausgangstext von einer KI erstellt worden ist, so hat sie das Recht, sofort vom Vertrag zur\u00fcckzutreten. Die bis dahin erbrachten Leistungen sind in vollem Umfang durch den Kunden oder die Kundin zu erstatten.<\/p>\n<p>&nbsp;<\/p>\n<h4>9. Schlussbestimmungen<\/h4>\n<p>Der Gesch\u00e4ftssitz der Lektorin ist der Erf\u00fcllungsort. F\u00fcr die gesamte Rechtsbeziehung zwischen dem Kunden oder der Kundin und der Lektorin gilt das Recht der Bundesrepublik Deutschland. Gerichtsstand f\u00fcr Streitigkeiten im Rahmen des Vertragsverh\u00e4ltnisses ist der Ort des Gesch\u00e4ftssitzes.<\/p>\n<p>Die rechtliche Unzul\u00e4ssigkeit einer oder mehrerer Bestimmungen dieser AGB oder des Vertrages beeintr\u00e4chtigt nicht die G\u00fcltigkeit der \u00fcbrigen Bestimmungen.<\/p>\n<p>&nbsp;<\/p>\n<p>Stand: 28.3.2024<\/p>\n","protected":false},"excerpt":{"rendered":"<p>Startseite 1. Allgemeiner Geltungsbereich Diese allgemeinen Gesch\u00e4ftsbedingungen (AGB) gelten f\u00fcr alle Leistungen und den gesamten Gesch\u00e4ftsverkehr zwischen der auftraggebenden Person (im Folgenden Kunde\/Kundin) und der Auftragnehmerin (im Folgenden Lektorin). Die AGB gelten f\u00fcr die gesamte Dauer der Gesch\u00e4ftsverbindung. Abweichungen von diesen AGB, Nebenreden und Vereinbarungen bed\u00fcrfen der Schriftform. Mit der Auftragserteilung best\u00e4tigt der Kunde oder [&hellip;]<\/p>\n","protected":false},"author":1,"featured_media":0,"parent":0,"menu_order":0,"comment_status":"closed","ping_status":"closed","template":"","meta":{"footnotes":""},"class_list":["post-307","page","type-page","status-publish","hentry"],"yoast_head":"<!-- This site is optimized with the Yoast SEO plugin v27.5 - https:\/\/yoast.com\/product\/yoast-seo-wordpress\/ -->\n<title>Jara Lektorat | Allgemeine Gesch\u00e4ftsbedingungen (AGB)<\/title>\n<meta name=\"robots\" content=\"index, follow, max-snippet:-1, max-image-preview:large, max-video-preview:-1\" \/>\n<link rel=\"canonical\" href=\"https:\/\/jara-lektorat.de\/index.php\/agb\/\" \/>\n<meta property=\"og:locale\" content=\"de_DE\" \/>\n<meta property=\"og:type\" content=\"article\" \/>\n<meta property=\"og:title\" content=\"Jara Lektorat | Allgemeine Gesch\u00e4ftsbedingungen (AGB)\" \/>\n<meta property=\"og:description\" content=\"Startseite 1. Allgemeiner Geltungsbereich Diese allgemeinen Gesch\u00e4ftsbedingungen (AGB) gelten f\u00fcr alle Leistungen und den gesamten Gesch\u00e4ftsverkehr zwischen der auftraggebenden Person (im Folgenden Kunde\/Kundin) und der Auftragnehmerin (im Folgenden Lektorin). Die AGB gelten f\u00fcr die gesamte Dauer der Gesch\u00e4ftsverbindung. Abweichungen von diesen AGB, Nebenreden und Vereinbarungen bed\u00fcrfen der Schriftform. Mit der Auftragserteilung best\u00e4tigt der Kunde oder [&hellip;]\" \/>\n<meta property=\"og:url\" content=\"https:\/\/jara-lektorat.de\/index.php\/agb\/\" \/>\n<meta property=\"article:modified_time\" content=\"2025-01-09T19:28:07+00:00\" \/>\n<meta name=\"twitter:card\" content=\"summary_large_image\" \/>\n<meta name=\"twitter:label1\" content=\"Gesch\u00e4tzte Lesezeit\" \/>\n\t<meta name=\"twitter:data1\" content=\"10\u00a0Minuten\" \/>\n<script type=\"application\/ld+json\" class=\"yoast-schema-graph\">{\"@context\":\"https:\\\/\\\/schema.org\",\"@graph\":[{\"@type\":\"WebPage\",\"@id\":\"https:\\\/\\\/jara-lektorat.de\\\/index.php\\\/agb\\\/\",\"url\":\"https:\\\/\\\/jara-lektorat.de\\\/index.php\\\/agb\\\/\",\"name\":\"Jara Lektorat | Allgemeine Gesch\u00e4ftsbedingungen (AGB)\",\"isPartOf\":{\"@id\":\"https:\\\/\\\/jara-lektorat.de\\\/#website\"},\"datePublished\":\"2022-06-21T11:58:10+00:00\",\"dateModified\":\"2025-01-09T19:28:07+00:00\",\"breadcrumb\":{\"@id\":\"https:\\\/\\\/jara-lektorat.de\\\/index.php\\\/agb\\\/#breadcrumb\"},\"inLanguage\":\"de\",\"potentialAction\":[{\"@type\":\"ReadAction\",\"target\":[\"https:\\\/\\\/jara-lektorat.de\\\/index.php\\\/agb\\\/\"]}]},{\"@type\":\"BreadcrumbList\",\"@id\":\"https:\\\/\\\/jara-lektorat.de\\\/index.php\\\/agb\\\/#breadcrumb\",\"itemListElement\":[{\"@type\":\"ListItem\",\"position\":1,\"name\":\"Startseite\",\"item\":\"https:\\\/\\\/jara-lektorat.de\\\/\"},{\"@type\":\"ListItem\",\"position\":2,\"name\":\"Allgemeine Gesch\u00e4ftsbedingungen (AGB)\"}]},{\"@type\":\"WebSite\",\"@id\":\"https:\\\/\\\/jara-lektorat.de\\\/#website\",\"url\":\"https:\\\/\\\/jara-lektorat.de\\\/\",\"name\":\"\",\"description\":\"\",\"potentialAction\":[{\"@type\":\"SearchAction\",\"target\":{\"@type\":\"EntryPoint\",\"urlTemplate\":\"https:\\\/\\\/jara-lektorat.de\\\/?s={search_term_string}\"},\"query-input\":{\"@type\":\"PropertyValueSpecification\",\"valueRequired\":true,\"valueName\":\"search_term_string\"}}],\"inLanguage\":\"de\"}]}<\/script>\n<!-- \/ Yoast SEO plugin. -->","yoast_head_json":{"title":"Jara Lektorat | Allgemeine Gesch\u00e4ftsbedingungen (AGB)","robots":{"index":"index","follow":"follow","max-snippet":"max-snippet:-1","max-image-preview":"max-image-preview:large","max-video-preview":"max-video-preview:-1"},"canonical":"https:\/\/jara-lektorat.de\/index.php\/agb\/","og_locale":"de_DE","og_type":"article","og_title":"Jara Lektorat | Allgemeine Gesch\u00e4ftsbedingungen (AGB)","og_description":"Startseite 1. Allgemeiner Geltungsbereich Diese allgemeinen Gesch\u00e4ftsbedingungen (AGB) gelten f\u00fcr alle Leistungen und den gesamten Gesch\u00e4ftsverkehr zwischen der auftraggebenden Person (im Folgenden Kunde\/Kundin) und der Auftragnehmerin (im Folgenden Lektorin). Die AGB gelten f\u00fcr die gesamte Dauer der Gesch\u00e4ftsverbindung. Abweichungen von diesen AGB, Nebenreden und Vereinbarungen bed\u00fcrfen der Schriftform. Mit der Auftragserteilung best\u00e4tigt der Kunde oder [&hellip;]","og_url":"https:\/\/jara-lektorat.de\/index.php\/agb\/","article_modified_time":"2025-01-09T19:28:07+00:00","twitter_card":"summary_large_image","twitter_misc":{"Gesch\u00e4tzte Lesezeit":"10\u00a0Minuten"},"schema":{"@context":"https:\/\/schema.org","@graph":[{"@type":"WebPage","@id":"https:\/\/jara-lektorat.de\/index.php\/agb\/","url":"https:\/\/jara-lektorat.de\/index.php\/agb\/","name":"Jara Lektorat | Allgemeine Gesch\u00e4ftsbedingungen (AGB)","isPartOf":{"@id":"https:\/\/jara-lektorat.de\/#website"},"datePublished":"2022-06-21T11:58:10+00:00","dateModified":"2025-01-09T19:28:07+00:00","breadcrumb":{"@id":"https:\/\/jara-lektorat.de\/index.php\/agb\/#breadcrumb"},"inLanguage":"de","potentialAction":[{"@type":"ReadAction","target":["https:\/\/jara-lektorat.de\/index.php\/agb\/"]}]},{"@type":"BreadcrumbList","@id":"https:\/\/jara-lektorat.de\/index.php\/agb\/#breadcrumb","itemListElement":[{"@type":"ListItem","position":1,"name":"Startseite","item":"https:\/\/jara-lektorat.de\/"},{"@type":"ListItem","position":2,"name":"Allgemeine Gesch\u00e4ftsbedingungen (AGB)"}]},{"@type":"WebSite","@id":"https:\/\/jara-lektorat.de\/#website","url":"https:\/\/jara-lektorat.de\/","name":"","description":"","potentialAction":[{"@type":"SearchAction","target":{"@type":"EntryPoint","urlTemplate":"https:\/\/jara-lektorat.de\/?s={search_term_string}"},"query-input":{"@type":"PropertyValueSpecification","valueRequired":true,"valueName":"search_term_string"}}],"inLanguage":"de"}]}},"_links":{"self":[{"href":"https:\/\/jara-lektorat.de\/index.php\/wp-json\/wp\/v2\/pages\/307","targetHints":{"allow":["GET"]}}],"collection":[{"href":"https:\/\/jara-lektorat.de\/index.php\/wp-json\/wp\/v2\/pages"}],"about":[{"href":"https:\/\/jara-lektorat.de\/index.php\/wp-json\/wp\/v2\/types\/page"}],"author":[{"embeddable":true,"href":"https:\/\/jara-lektorat.de\/index.php\/wp-json\/wp\/v2\/users\/1"}],"replies":[{"embeddable":true,"href":"https:\/\/jara-lektorat.de\/index.php\/wp-json\/wp\/v2\/comments?post=307"}],"version-history":[{"count":31,"href":"https:\/\/jara-lektorat.de\/index.php\/wp-json\/wp\/v2\/pages\/307\/revisions"}],"predecessor-version":[{"id":1085,"href":"https:\/\/jara-lektorat.de\/index.php\/wp-json\/wp\/v2\/pages\/307\/revisions\/1085"}],"wp:attachment":[{"href":"https:\/\/jara-lektorat.de\/index.php\/wp-json\/wp\/v2\/media?parent=307"}],"curies":[{"name":"wp","href":"https:\/\/api.w.org\/{rel}","templated":true}]}}