{"id":3,"date":"2022-06-07T10:55:47","date_gmt":"2022-06-07T10:55:47","guid":{"rendered":"https:\/\/jara-lektorat.de\/?page_id=3"},"modified":"2025-07-27T20:28:17","modified_gmt":"2025-07-27T20:28:17","slug":"impressum","status":"publish","type":"page","link":"https:\/\/jara-lektorat.de\/index.php\/impressum\/","title":{"rendered":"Impressum"},"content":{"rendered":"<p><a href=\"https:\/\/jara-lektorat.de\/\">Startseite<\/a><\/p>\n<h4>Angaben gem\u00e4\u00df \u00a7 5 DDG<\/h4>\n<p>Jara Lektorat<br \/>\nUSt-IdNr: DE355367112<\/p>\n<p>Jara Fischer<br \/>\nAlbert-Einstein-Str. 6<br \/>\n14473 Potsdam<br \/>\nDeutschland<\/p>\n<h4>Kontakt<\/h4>\n<p>E-Mail: info@jara-lektorat.de<br \/>\nMobil: +49 1573 097 10 46<\/p>\n<h4>Redaktionell verantwortlich<\/h4>\n<p>Jara Fischer<\/p>\n<h4>Streitschlichtung<\/h4>\n<p>Meine E-Mail-Adresse finden Sie oben im Impressum.<\/p>\n<p>Ich bin nicht bereit oder verpflichtet, an Streitbeilegungsverfahren vor einer Verbraucherschlichtungsstelle teilzunehmen.<\/p>\n<h4>Haftung f\u00fcr Inhalte<\/h4>\n<p>Als Diensteanbieterin bin ich gem\u00e4\u00df \u00a7 7 Abs.1 DDG f\u00fcr eigene Inhalte auf diesen Seiten nach den allgemeinen Gesetzen verantwortlich. Nach \u00a7\u00a7 8 bis 10 DDG bin ich als Diensteanbieterin jedoch nicht verpflichtet, \u00fcbermittelte oder gespeicherte fremde Informationen zu \u00fcberwachen oder nach Umst\u00e4nden zu forschen, die auf eine rechtswidrige T\u00e4tigkeit hinweisen.<\/p>\n<p>Verpflichtungen zur Entfernung oder Sperrung der Nutzung von Informationen nach den allgemeinen Gesetzen bleiben hiervon unber\u00fchrt. Eine diesbez\u00fcgliche Haftung ist jedoch erst ab dem Zeitpunkt der Kenntnis einer konkreten Rechtsverletzung m\u00f6glich. Bei Bekanntwerden von entsprechenden Rechtsverletzungen werde ich diese Inhalte umgehend entfernen.<\/p>\n<h4>Haftung f\u00fcr Links<\/h4>\n<p>Mein Angebot enth\u00e4lt ggf. Links zu externen Websites Dritter, auf deren Inhalte ich keinen Einfluss habe. Deshalb kann ich f\u00fcr diese fremden Inhalte auch keine Gew\u00e4hr \u00fcbernehmen. F\u00fcr die Inhalte der verlinkten Seiten ist stets der jeweilige Anbieter oder Betreiber der Seiten verantwortlich. Die verlinkten Seiten wurden zum Zeitpunkt der Verlinkung auf m\u00f6gliche Rechtsverst\u00f6\u00dfe \u00fcberpr\u00fcft. Rechtswidrige Inhalte waren zum Zeitpunkt der Verlinkung nicht erkennbar.<\/p>\n<p>Eine permanente inhaltliche Kontrolle der verlinkten Seiten ist jedoch ohne konkrete Anhaltspunkte einer Rechtsverletzung nicht zumutbar. Bei Bekanntwerden von Rechtsverletzungen werde ich derartige Links umgehend entfernen.<\/p>\n<h4>Urheberrecht<\/h4>\n<p>Die durch die Seitenbetreiberin erstellten Inhalte und Werke auf diesen Seiten unterliegen dem deutschen Urheberrecht. Die Vervielf\u00e4ltigung, Bearbeitung, Verbreitung und jede Art der Verwertung au\u00dferhalb der Grenzen des Urheberrechtes bed\u00fcrfen der schriftlichen Zustimmung der jeweiligen Autorin bzw. Erstellerin. Downloads und Kopien dieser Seite sind nur f\u00fcr den privaten, nicht kommerziellen Gebrauch gestattet.<br \/>\nSoweit die Inhalte auf dieser Seite nicht von der Betreiberin erstellt wurden, werden die Urheberrechte Dritter beachtet. Insbesondere werden Inhalte Dritter als solche gekennzeichnet. Sollten Sie trotzdem auf eine Urheberrechtsverletzung aufmerksam werden, bitte ich um einen entsprechenden Hinweis. Bei Bekanntwerden von Rechtsverletzungen werde ich derartige Inhalte umgehend entfernen.<\/p>\n","protected":false},"excerpt":{"rendered":"<p>Startseite Angaben gem\u00e4\u00df \u00a7 5 DDG Jara Lektorat USt-IdNr: DE355367112 Jara Fischer Albert-Einstein-Str. 6 14473 Potsdam Deutschland Kontakt E-Mail: info@jara-lektorat.de Mobil: +49 1573 097 10 46 Redaktionell verantwortlich Jara Fischer Streitschlichtung Meine E-Mail-Adresse finden Sie oben im Impressum. Ich bin nicht bereit oder verpflichtet, an Streitbeilegungsverfahren vor einer Verbraucherschlichtungsstelle teilzunehmen. Haftung f\u00fcr Inhalte Als Diensteanbieterin [&hellip;]<\/p>\n","protected":false},"author":1,"featured_media":0,"parent":0,"menu_order":0,"comment_status":"closed","ping_status":"open","template":"","meta":{"footnotes":""},"class_list":["post-3","page","type-page","status-publish","hentry"],"yoast_head":"<!-- This site is optimized with the Yoast SEO plugin v27.4 - https:\/\/yoast.com\/product\/yoast-seo-wordpress\/ -->\n<title>Jara Lektorat | Impressum<\/title>\n<meta name=\"robots\" content=\"index, follow, max-snippet:-1, max-image-preview:large, max-video-preview:-1\" \/>\n<link rel=\"canonical\" href=\"https:\/\/jara-lektorat.de\/index.php\/impressum\/\" \/>\n<meta property=\"og:locale\" content=\"de_DE\" \/>\n<meta property=\"og:type\" content=\"article\" \/>\n<meta property=\"og:title\" content=\"Jara Lektorat | Impressum\" \/>\n<meta property=\"og:description\" content=\"Startseite Angaben gem\u00e4\u00df \u00a7 5 DDG Jara Lektorat USt-IdNr: DE355367112 Jara Fischer Albert-Einstein-Str. 6 14473 Potsdam Deutschland Kontakt E-Mail: info@jara-lektorat.de Mobil: +49 1573 097 10 46 Redaktionell verantwortlich Jara Fischer Streitschlichtung Meine E-Mail-Adresse finden Sie oben im Impressum. Ich bin nicht bereit oder verpflichtet, an Streitbeilegungsverfahren vor einer Verbraucherschlichtungsstelle teilzunehmen. Haftung f\u00fcr Inhalte Als Diensteanbieterin [&hellip;]\" \/>\n<meta property=\"og:url\" content=\"https:\/\/jara-lektorat.de\/index.php\/impressum\/\" \/>\n<meta property=\"article:modified_time\" content=\"2025-07-27T20:28:17+00:00\" \/>\n<meta name=\"twitter:card\" content=\"summary_large_image\" \/>\n<meta name=\"twitter:label1\" content=\"Gesch\u00e4tzte Lesezeit\" \/>\n\t<meta name=\"twitter:data1\" content=\"2\u00a0Minuten\" \/>\n<script type=\"application\/ld+json\" class=\"yoast-schema-graph\">{\"@context\":\"https:\\\/\\\/schema.org\",\"@graph\":[{\"@type\":\"WebPage\",\"@id\":\"https:\\\/\\\/jara-lektorat.de\\\/index.php\\\/impressum\\\/\",\"url\":\"https:\\\/\\\/jara-lektorat.de\\\/index.php\\\/impressum\\\/\",\"name\":\"Jara Lektorat | Impressum\",\"isPartOf\":{\"@id\":\"https:\\\/\\\/jara-lektorat.de\\\/#website\"},\"datePublished\":\"2022-06-07T10:55:47+00:00\",\"dateModified\":\"2025-07-27T20:28:17+00:00\",\"breadcrumb\":{\"@id\":\"https:\\\/\\\/jara-lektorat.de\\\/index.php\\\/impressum\\\/#breadcrumb\"},\"inLanguage\":\"de\",\"potentialAction\":[{\"@type\":\"ReadAction\",\"target\":[\"https:\\\/\\\/jara-lektorat.de\\\/index.php\\\/impressum\\\/\"]}]},{\"@type\":\"BreadcrumbList\",\"@id\":\"https:\\\/\\\/jara-lektorat.de\\\/index.php\\\/impressum\\\/#breadcrumb\",\"itemListElement\":[{\"@type\":\"ListItem\",\"position\":1,\"name\":\"Startseite\",\"item\":\"https:\\\/\\\/jara-lektorat.de\\\/\"},{\"@type\":\"ListItem\",\"position\":2,\"name\":\"Impressum\"}]},{\"@type\":\"WebSite\",\"@id\":\"https:\\\/\\\/jara-lektorat.de\\\/#website\",\"url\":\"https:\\\/\\\/jara-lektorat.de\\\/\",\"name\":\"\",\"description\":\"\",\"potentialAction\":[{\"@type\":\"SearchAction\",\"target\":{\"@type\":\"EntryPoint\",\"urlTemplate\":\"https:\\\/\\\/jara-lektorat.de\\\/?s={search_term_string}\"},\"query-input\":{\"@type\":\"PropertyValueSpecification\",\"valueRequired\":true,\"valueName\":\"search_term_string\"}}],\"inLanguage\":\"de\"}]}<\/script>\n<!-- \/ Yoast SEO plugin. -->","yoast_head_json":{"title":"Jara Lektorat | Impressum","robots":{"index":"index","follow":"follow","max-snippet":"max-snippet:-1","max-image-preview":"max-image-preview:large","max-video-preview":"max-video-preview:-1"},"canonical":"https:\/\/jara-lektorat.de\/index.php\/impressum\/","og_locale":"de_DE","og_type":"article","og_title":"Jara Lektorat | Impressum","og_description":"Startseite Angaben gem\u00e4\u00df \u00a7 5 DDG Jara Lektorat USt-IdNr: DE355367112 Jara Fischer Albert-Einstein-Str. 6 14473 Potsdam Deutschland Kontakt E-Mail: info@jara-lektorat.de Mobil: +49 1573 097 10 46 Redaktionell verantwortlich Jara Fischer Streitschlichtung Meine E-Mail-Adresse finden Sie oben im Impressum. Ich bin nicht bereit oder verpflichtet, an Streitbeilegungsverfahren vor einer Verbraucherschlichtungsstelle teilzunehmen. Haftung f\u00fcr Inhalte Als Diensteanbieterin [&hellip;]","og_url":"https:\/\/jara-lektorat.de\/index.php\/impressum\/","article_modified_time":"2025-07-27T20:28:17+00:00","twitter_card":"summary_large_image","twitter_misc":{"Gesch\u00e4tzte Lesezeit":"2\u00a0Minuten"},"schema":{"@context":"https:\/\/schema.org","@graph":[{"@type":"WebPage","@id":"https:\/\/jara-lektorat.de\/index.php\/impressum\/","url":"https:\/\/jara-lektorat.de\/index.php\/impressum\/","name":"Jara Lektorat | Impressum","isPartOf":{"@id":"https:\/\/jara-lektorat.de\/#website"},"datePublished":"2022-06-07T10:55:47+00:00","dateModified":"2025-07-27T20:28:17+00:00","breadcrumb":{"@id":"https:\/\/jara-lektorat.de\/index.php\/impressum\/#breadcrumb"},"inLanguage":"de","potentialAction":[{"@type":"ReadAction","target":["https:\/\/jara-lektorat.de\/index.php\/impressum\/"]}]},{"@type":"BreadcrumbList","@id":"https:\/\/jara-lektorat.de\/index.php\/impressum\/#breadcrumb","itemListElement":[{"@type":"ListItem","position":1,"name":"Startseite","item":"https:\/\/jara-lektorat.de\/"},{"@type":"ListItem","position":2,"name":"Impressum"}]},{"@type":"WebSite","@id":"https:\/\/jara-lektorat.de\/#website","url":"https:\/\/jara-lektorat.de\/","name":"","description":"","potentialAction":[{"@type":"SearchAction","target":{"@type":"EntryPoint","urlTemplate":"https:\/\/jara-lektorat.de\/?s={search_term_string}"},"query-input":{"@type":"PropertyValueSpecification","valueRequired":true,"valueName":"search_term_string"}}],"inLanguage":"de"}]}},"_links":{"self":[{"href":"https:\/\/jara-lektorat.de\/index.php\/wp-json\/wp\/v2\/pages\/3","targetHints":{"allow":["GET"]}}],"collection":[{"href":"https:\/\/jara-lektorat.de\/index.php\/wp-json\/wp\/v2\/pages"}],"about":[{"href":"https:\/\/jara-lektorat.de\/index.php\/wp-json\/wp\/v2\/types\/page"}],"author":[{"embeddable":true,"href":"https:\/\/jara-lektorat.de\/index.php\/wp-json\/wp\/v2\/users\/1"}],"replies":[{"embeddable":true,"href":"https:\/\/jara-lektorat.de\/index.php\/wp-json\/wp\/v2\/comments?post=3"}],"version-history":[{"count":20,"href":"https:\/\/jara-lektorat.de\/index.php\/wp-json\/wp\/v2\/pages\/3\/revisions"}],"predecessor-version":[{"id":1115,"href":"https:\/\/jara-lektorat.de\/index.php\/wp-json\/wp\/v2\/pages\/3\/revisions\/1115"}],"wp:attachment":[{"href":"https:\/\/jara-lektorat.de\/index.php\/wp-json\/wp\/v2\/media?parent=3"}],"curies":[{"name":"wp","href":"https:\/\/api.w.org\/{rel}","templated":true}]}}